{"id":684,"date":"2022-10-18T11:19:14","date_gmt":"2022-10-18T11:19:14","guid":{"rendered":"https:\/\/heavania.com\/?page_id=684"},"modified":"2023-12-18T01:59:50","modified_gmt":"2023-12-18T01:59:50","slug":"shipping-policy","status":"publish","type":"page","link":"https:\/\/heavania-store.com\/fr\/shipping-policy\/","title":{"rendered":"Politique d&#039;exp\u00e9dition"},"content":{"rendered":"<div data-elementor-type=\"wp-page\" data-elementor-id=\"684\" class=\"elementor elementor-684\">\n\t\t\t\t\t\t<section class=\"elementor-section elementor-top-section elementor-element elementor-element-1ee56fbf elementor-section-boxed elementor-section-height-default elementor-section-height-default\" data-id=\"1ee56fbf\" data-element_type=\"section\" data-e-type=\"section\">\n\t\t\t\t\t\t<div class=\"elementor-container elementor-column-gap-default\">\n\t\t\t\t\t<div class=\"elementor-column elementor-col-100 elementor-top-column elementor-element elementor-element-141ccee5\" data-id=\"141ccee5\" data-element_type=\"column\" data-e-type=\"column\">\n\t\t\t<div class=\"elementor-widget-wrap elementor-element-populated\">\n\t\t\t\t\t\t<div class=\"elementor-element elementor-element-aa4ed9f elementor-widget elementor-widget-heading\" data-id=\"aa4ed9f\" data-element_type=\"widget\" data-e-type=\"widget\" data-widget_type=\"heading.default\">\n\t\t\t\t<div class=\"elementor-widget-container\">\n\t\t\t\t\t<h1 class=\"elementor-heading-title elementor-size-default\">POLITIQUE D&#039;EXP\u00c9DITION ET DE LIVRAISON<\/h1>\t\t\t\t<\/div>\n\t\t\t\t<\/div>\n\t\t\t\t\t<\/div>\n\t\t<\/div>\n\t\t\t\t\t<\/div>\n\t\t<\/section>\n\t\t\t\t<section class=\"elementor-section elementor-top-section elementor-element elementor-element-4f2f7afe elementor-section-boxed elementor-section-height-default elementor-section-height-default\" data-id=\"4f2f7afe\" data-element_type=\"section\" data-e-type=\"section\">\n\t\t\t\t\t\t<div class=\"elementor-container elementor-column-gap-default\">\n\t\t\t\t\t<div class=\"elementor-column elementor-col-100 elementor-top-column elementor-element elementor-element-7b7a024d\" data-id=\"7b7a024d\" data-element_type=\"column\" data-e-type=\"column\">\n\t\t\t<div class=\"elementor-widget-wrap elementor-element-populated\">\n\t\t\t\t\t\t<div class=\"elementor-element elementor-element-79851d2f elementor-widget elementor-widget-text-editor\" data-id=\"79851d2f\" data-element_type=\"widget\" data-e-type=\"widget\" data-widget_type=\"text-editor.default\">\n\t\t\t\t<div class=\"elementor-widget-container\">\n\t\t\t\t\t\t\t\t\t<p>Nous utilisons ces principaux transporteurs pour exp\u00e9dier les articles : UPS, FedEx et USPS. Dans certaines zones, nous pouvons \u00e9galement faire appel \u00e0 d&#039;autres transporteurs pour exp\u00e9dier les articles.<\/p>\n\t\t\t\t\t\t\t\t<\/div>\n\t\t\t\t<\/div>\n\t\t\t\t<div class=\"elementor-element elementor-element-f9de884 elementor-widget elementor-widget-heading\" data-id=\"f9de884\" data-element_type=\"widget\" data-e-type=\"widget\" data-widget_type=\"heading.default\">\n\t\t\t\t<div class=\"elementor-widget-container\">\n\t\t\t\t\t<h2 class=\"elementor-heading-title elementor-size-default\">Frais et d\u00e9lais d&#039;exp\u00e9dition<\/h2>\t\t\t\t<\/div>\n\t\t\t\t<\/div>\n\t\t\t\t<div class=\"elementor-element elementor-element-b2a8c38 elementor-widget-divider--view-line elementor-widget elementor-widget-divider\" data-id=\"b2a8c38\" data-element_type=\"widget\" data-e-type=\"widget\" data-widget_type=\"divider.default\">\n\t\t\t\t<div class=\"elementor-widget-container\">\n\t\t\t\t\t\t\t<div class=\"elementor-divider\">\n\t\t\t<span class=\"elementor-divider-separator\">\n\t\t\t\t\t\t<\/span>\n\t\t<\/div>\n\t\t\t\t\t\t<\/div>\n\t\t\t\t<\/div>\n\t\t\t\t<div class=\"elementor-element elementor-element-f0b5b24 elementor-widget elementor-widget-text-editor\" data-id=\"f0b5b24\" data-element_type=\"widget\" data-e-type=\"widget\" data-widget_type=\"text-editor.default\">\n\t\t\t\t<div class=\"elementor-widget-container\">\n\t\t\t\t\t\t\t\t\t<p>Les frais d&#039;exp\u00e9dition sont calcul\u00e9s sur une base \u00ab par commande \u00bb, \u00ab par article \u00bb ou \u00ab par livre \u00bb et sont bas\u00e9s sur l&#039;option d&#039;exp\u00e9dition que vous s\u00e9lectionnez. Nous proposons parfois la livraison gratuite pour des options de livraison sp\u00e9cifiques dans certaines cat\u00e9gories, ou la livraison gratuite sur tout le site.<\/p>\n\n<p>Les achats de produits via heavania.com sont soumis \u00e0 un contrat de destination. Cela signifie que le risque de perte et le titre de propri\u00e9t\u00e9 de ces produits vous sont transf\u00e9r\u00e9s d\u00e8s la livraison par le transporteur \u00e0 votre adresse de livraison, et heavania n&#039;est pas responsable de toute perte, vol ou dommage apr\u00e8s la livraison.<\/p>\n\n<p>Vous pouvez voir la date d&#039;arriv\u00e9e estim\u00e9e de chaque produit pendant le processus de commande. Lors du paiement, vous pouvez choisir une date d&#039;arriv\u00e9e estim\u00e9e parmi les options propos\u00e9es.\u00a0<\/p>\n\n<p>La saisie du code postal de votre destination d&#039;exp\u00e9dition ou l&#039;autorisation \u00e0 Heavania.com d&#039;utiliser votre emplacement actuel peuvent permettre une plus grande pr\u00e9cision de votre date d&#039;arriv\u00e9e estim\u00e9e. Certains produits peuvent n\u00e9cessiter des jours suppl\u00e9mentaires pour \u00eatre trait\u00e9s avant l&#039;exp\u00e9dition. Cela sera refl\u00e9t\u00e9 dans la date d&#039;arriv\u00e9e estim\u00e9e. Si, pour une raison quelconque, vous ne recevez pas votre produit, vous pourriez avoir droit \u00e0 un produit de remplacement si vous nous en informez pendant votre p\u00e9riode de retour et d&#039;\u00e9change.<\/p>\n<p>Bo\u00eetes postales\u00a0: Veuillez noter qu&#039;en raison de la taille, du poids ou des restrictions du fournisseur, certains produits ne peuvent pas \u00eatre exp\u00e9di\u00e9s ou peuvent \u00eatre retard\u00e9s lorsqu&#039;ils sont exp\u00e9di\u00e9s \u00e0 une adresse de bo\u00eete postale. Si vous indiquez une bo\u00eete postale comme adresse de livraison pour l&#039;un de ces articles, vous verrez une alerte d&#039;exp\u00e9dition dans votre panier, o\u00f9 des options alternatives vous seront propos\u00e9es.<\/p>\n<\/div>\n<\/div>\n<p><!-- \/wp:contact-form-7\/contact-form-selector --><\/p>\t\t\t\t\t\t\t\t<\/div>\n\t\t\t\t<\/div>\n\t\t\t\t<div class=\"elementor-element elementor-element-6faefa3 elementor-widget elementor-widget-heading\" data-id=\"6faefa3\" data-element_type=\"widget\" data-e-type=\"widget\" data-widget_type=\"heading.default\">\n\t\t\t\t<div class=\"elementor-widget-container\">\n\t\t\t\t\t<h2 class=\"elementor-heading-title elementor-size-default\">Modifier les informations d&#039;exp\u00e9dition<\/h2>\t\t\t\t<\/div>\n\t\t\t\t<\/div>\n\t\t\t\t<div class=\"elementor-element elementor-element-5f01b98 elementor-widget-divider--view-line elementor-widget elementor-widget-divider\" data-id=\"5f01b98\" data-element_type=\"widget\" data-e-type=\"widget\" data-widget_type=\"divider.default\">\n\t\t\t\t<div class=\"elementor-widget-container\">\n\t\t\t\t\t\t\t<div class=\"elementor-divider\">\n\t\t\t<span class=\"elementor-divider-separator\">\n\t\t\t\t\t\t<\/span>\n\t\t<\/div>\n\t\t\t\t\t\t<\/div>\n\t\t\t\t<\/div>\n\t\t\t\t<div class=\"elementor-element elementor-element-89cd78f elementor-widget elementor-widget-text-editor\" data-id=\"89cd78f\" data-element_type=\"widget\" data-e-type=\"widget\" data-widget_type=\"text-editor.default\">\n\t\t\t\t<div class=\"elementor-widget-container\">\n\t\t\t\t\t\t\t\t\t<p><strong>Besoin de modifier vos options d&#039;exp\u00e9dition ou de ramassage\u00a0?<\/strong><\/p>\n<p>Vous pouvez modifier vos options d&#039;exp\u00e9dition tant que nous n&#039;avons pas commenc\u00e9 le processus d&#039;exp\u00e9dition. C&#039;est g\u00e9n\u00e9ralement dans les 30 minutes suivant votre commande. (Pendant notre p\u00e9riode des F\u00eates charg\u00e9e, cela pourrait \u00eatre plus court.) De mani\u00e8re g\u00e9n\u00e9rale, voici les d\u00e9lais \u00e0 garder \u00e0 l\u2019esprit.<\/p>\n<p>Faites le nous savoir <strong>dans les 30 minutes<\/strong> si vous souhaitez modifier votre mode d&#039;exp\u00e9dition ou modifier l&#039;adresse de livraison.<\/p>\t\t\t\t\t\t\t\t<\/div>\n\t\t\t\t<\/div>\n\t\t\t\t<div class=\"elementor-element elementor-element-9b0b7e1 elementor-widget elementor-widget-heading\" data-id=\"9b0b7e1\" data-element_type=\"widget\" data-e-type=\"widget\" data-widget_type=\"heading.default\">\n\t\t\t\t<div class=\"elementor-widget-container\">\n\t\t\t\t\t<h2 class=\"elementor-heading-title elementor-size-default\">Livraison gratuite<\/h2>\t\t\t\t<\/div>\n\t\t\t\t<\/div>\n\t\t\t\t<div class=\"elementor-element elementor-element-c43df71 elementor-widget-divider--view-line elementor-widget elementor-widget-divider\" data-id=\"c43df71\" data-element_type=\"widget\" data-e-type=\"widget\" data-widget_type=\"divider.default\">\n\t\t\t\t<div class=\"elementor-widget-container\">\n\t\t\t\t\t\t\t<div class=\"elementor-divider\">\n\t\t\t<span class=\"elementor-divider-separator\">\n\t\t\t\t\t\t<\/span>\n\t\t<\/div>\n\t\t\t\t\t\t<\/div>\n\t\t\t\t<\/div>\n\t\t\t\t<div class=\"elementor-element elementor-element-90617a4 elementor-widget elementor-widget-text-editor\" data-id=\"90617a4\" data-element_type=\"widget\" data-e-type=\"widget\" data-widget_type=\"text-editor.default\">\n\t\t\t\t<div class=\"elementor-widget-container\">\n\t\t\t\t\t\t\t\t\t<p>Sur les articles \u00e9ligibles, la livraison gratuite sera indiqu\u00e9e sur la page produit et dans votre panier, ainsi qu&#039;une date d&#039;arriv\u00e9e estim\u00e9e. Des limites g\u00e9ographiques peuvent s&#039;appliquer<\/p>\t\t\t\t\t\t\t\t<\/div>\n\t\t\t\t<\/div>\n\t\t\t\t\t<\/div>\n\t\t<\/div>\n\t\t\t\t\t<\/div>\n\t\t<\/section>\n\t\t\t\t<\/div>","protected":false},"excerpt":{"rendered":"<p>SHIPPING &#038; DELIVERY POLICY We use these major carriers to ship items: UPS, FedEx and USPS. In select areas we may also use other carriers to ship items. Shipping costs &#038; timing Shipping cost is calculated on a &#8220;per order,&#8221; &#8220;per item&#8221; or &#8220;per pound&#8221; basis and is based on the shipping option you select. [&hellip;]<\/p>\n","protected":false},"author":1,"featured_media":0,"parent":0,"menu_order":0,"comment_status":"closed","ping_status":"closed","template":"","meta":{"inline_featured_image":false,"footnotes":""},"class_list":["post-684","page","type-page","status-publish","hentry"],"_links":{"self":[{"href":"https:\/\/heavania-store.com\/fr\/wp-json\/wp\/v2\/pages\/684","targetHints":{"allow":["GET"]}}],"collection":[{"href":"https:\/\/heavania-store.com\/fr\/wp-json\/wp\/v2\/pages"}],"about":[{"href":"https:\/\/heavania-store.com\/fr\/wp-json\/wp\/v2\/types\/page"}],"author":[{"embeddable":true,"href":"https:\/\/heavania-store.com\/fr\/wp-json\/wp\/v2\/users\/1"}],"replies":[{"embeddable":true,"href":"https:\/\/heavania-store.com\/fr\/wp-json\/wp\/v2\/comments?post=684"}],"version-history":[{"count":0,"href":"https:\/\/heavania-store.com\/fr\/wp-json\/wp\/v2\/pages\/684\/revisions"}],"wp:attachment":[{"href":"https:\/\/heavania-store.com\/fr\/wp-json\/wp\/v2\/media?parent=684"}],"curies":[{"name":"wp","href":"https:\/\/api.w.org\/{rel}","templated":true}]}}