{"id":665,"date":"2022-10-17T04:37:17","date_gmt":"2022-10-17T04:37:17","guid":{"rendered":"https:\/\/heavania.com\/?page_id=665"},"modified":"2022-10-18T11:16:35","modified_gmt":"2022-10-18T11:16:35","slug":"refund-policy","status":"publish","type":"page","link":"https:\/\/heavania-store.com\/fr\/refund-policy\/","title":{"rendered":"Politique de remboursement"},"content":{"rendered":"<div data-elementor-type=\"wp-page\" data-elementor-id=\"665\" class=\"elementor elementor-665\">\n\t\t\t\t\t\t<section class=\"elementor-section elementor-top-section elementor-element elementor-element-259f8982 elementor-section-boxed elementor-section-height-default elementor-section-height-default\" data-id=\"259f8982\" data-element_type=\"section\" data-e-type=\"section\">\n\t\t\t\t\t\t<div class=\"elementor-container elementor-column-gap-default\">\n\t\t\t\t\t<div class=\"elementor-column elementor-col-100 elementor-top-column elementor-element elementor-element-54d17c4\" data-id=\"54d17c4\" data-element_type=\"column\" data-e-type=\"column\">\n\t\t\t<div class=\"elementor-widget-wrap elementor-element-populated\">\n\t\t\t\t\t\t<div class=\"elementor-element elementor-element-5f60c6e7 elementor-widget-divider--view-line_text elementor-widget-divider--element-align-center elementor-widget elementor-widget-divider\" data-id=\"5f60c6e7\" data-element_type=\"widget\" data-e-type=\"widget\" data-widget_type=\"divider.default\">\n\t\t\t\t<div class=\"elementor-widget-container\">\n\t\t\t\t\t\t\t<div class=\"elementor-divider\">\n\t\t\t<span class=\"elementor-divider-separator\">\n\t\t\t\t\t\t\t<span class=\"elementor-divider__text elementor-divider__element\">\n\t\t\t\tPolitique de remboursement\t\t\t\t<\/span>\n\t\t\t\t\t\t<\/span>\n\t\t<\/div>\n\t\t\t\t\t\t<\/div>\n\t\t\t\t<\/div>\n\t\t\t\t\t<\/div>\n\t\t<\/div>\n\t\t\t\t\t<\/div>\n\t\t<\/section>\n\t\t\t\t<section class=\"elementor-section elementor-top-section elementor-element elementor-element-42ba4357 elementor-section-boxed elementor-section-height-default elementor-section-height-default\" data-id=\"42ba4357\" data-element_type=\"section\" data-e-type=\"section\">\n\t\t\t\t\t\t<div class=\"elementor-container elementor-column-gap-default\">\n\t\t\t\t\t<div class=\"elementor-column elementor-col-100 elementor-top-column elementor-element elementor-element-22690524\" data-id=\"22690524\" data-element_type=\"column\" data-e-type=\"column\">\n\t\t\t<div class=\"elementor-widget-wrap elementor-element-populated\">\n\t\t\t\t\t\t<div class=\"elementor-element elementor-element-5ef2d953 elementor-widget elementor-widget-text-editor\" data-id=\"5ef2d953\" data-element_type=\"widget\" data-e-type=\"widget\" data-widget_type=\"text-editor.default\">\n\t\t\t\t<div class=\"elementor-widget-container\">\n\t\t\t\t\t\t\t\t\t<p>Nous souhaitons que nos clients b\u00e9n\u00e9ficient de la meilleure exp\u00e9rience d&#039;achat en ligne qui soit. Notre \u00e9quipe produit d\u00e9di\u00e9e est toujours \u00e0 la recherche des meilleurs articles pour garantir la meilleure qualit\u00e9 avant l&#039;exp\u00e9dition.&nbsp;<\/p>\n<p><\/p>\n<p>Si vous n&#039;\u00eates pas satisfait de l&#039;article que vous recevez, nous pouvons vous proposer un \u00e9change ou un remboursement, selon les raisons. N&#039;h\u00e9sitez pas \u00e0 nous contacter si vous rencontrez un probl\u00e8me avec votre commande !&nbsp;<\/p>\n<p><\/p>\n<p>Si vous devez retourner un article, veuillez v\u00e9rifier la proc\u00e9dure pour rendre le processus rapide et confortable.&nbsp;<\/p>\n<p><\/p>\n<p><b>PRODUITS \u00c9LIGIBLES&nbsp;<\/b><\/p>\n<p><\/p>\n<p>Pour pouvoir b\u00e9n\u00e9ficier d&#039;un retour, votre article doit \u00eatre inutilis\u00e9 et dans le m\u00eame \u00e9tat que vous l&#039;avez re\u00e7u. Il doit \u00e9galement \u00eatre dans son emballage d&#039;origine.&nbsp;<\/p>\n<p><\/p>\n<p>Plusieurs types de marchandises sont exempt\u00e9es de retour.&nbsp;<\/p>\n<p><\/p>\n<p>Objets p\u00e9rissables tels que :&nbsp;<\/p>\n<p><\/p>\n<p>nourriture,&nbsp;<\/p>\n<p>fleurs,&nbsp;<\/p>\n<p>journaux&nbsp;<\/p>\n<p>les magazines&nbsp;<\/p>\n<p>Nous n\u2019acceptons pas non plus les retours de produits intimes ou hygi\u00e9niques, de mati\u00e8res dangereuses ou de liquides\/gaz inflammables. Autres articles non retournables\u00a0:&nbsp;<\/p>\n<p><\/p>\n<p>cartes cadeaux,&nbsp;<\/p>\n<p>logiciel t\u00e9l\u00e9chargeable,&nbsp;<\/p>\n<p>certains articles de sant\u00e9 et de soins personnels.&nbsp;<\/p>\n<p>Dans certaines situations, seuls des remboursements partiels sont accord\u00e9s\u00a0:&nbsp;<\/p>\n<p><\/p>\n<p>livres pr\u00e9sentant des signes \u00e9vidents d&#039;utilisation,&nbsp;<\/p>\n<p>CD, DVD,&nbsp;<\/p>\n<p>Cassette VHS,&nbsp;<\/p>\n<p>logiciel,&nbsp;<\/p>\n<p>jeu vid\u00e9o,&nbsp;<\/p>\n<p>cassette ou disque vinyle ouvert,&nbsp;<\/p>\n<p>Tous les articles non pr\u00e9sents dans leur emballage d&#039;origine, donc les articles renvoy\u00e9s ou comportant des pi\u00e8ces manquantes ainsi que tout article retourn\u00e9 \u00e0 une mauvaise adresse ou sans email de pr\u00e9-approbation (e-mail de pr\u00e9-approbation pour obtenir 14 jours maximum apr\u00e8s la livraison) sont exon\u00e9r\u00e9s de \u00e9tant restitu\u00e9.&nbsp;<\/p>\n<p><\/p>\n<p>Articles en solde : Seuls les articles \u00e0 prix r\u00e9gulier peuvent \u00eatre rembours\u00e9s. Malheureusement, les articles sold\u00e9s ne peuvent pas \u00eatre rembours\u00e9s.&nbsp;<\/p><p><br><\/p>\n<p><\/p>\n<p><b>POLITIQUE DE REMBOURSEMENT&nbsp;<\/b><\/p>\n<p><\/p>\n<p>Notre politique de remboursement est de 14 jours. Si 14 jours se sont \u00e9coul\u00e9s depuis la livraison, nous ne pouvons malheureusement pas vous proposer de remboursement.&nbsp;<\/p>\n<p><\/p>\n<p>CAS 1\u00a0: \u00c9CHANGE&nbsp;<\/p>\n<p>Nous remplacerons uniquement les articles d\u00e9fectueux ou endommag\u00e9s (uniquement en vid\u00e9o sous 7 jours)&nbsp;<\/p>\n<p><\/p>\n<p>CAS 2\u00a0: REMBOURSEMENT&nbsp;<\/p>\n<p>\u2013 Pour retourner votre produit, vous devez envoyer un email \u00e0 notre \u00e9quipe support, nous n\u2019acceptons pas les retours par t\u00e9l\u00e9phone.&nbsp;<\/p>\n<p><\/p>\n<p>\u2013 Notre \u00e9quipe support est la seule \u00e0 pouvoir vous fournir l\u2019adresse de retour (joindre l\u2019email de pr\u00e9-validation).&nbsp;<\/p>\n<p><\/p>\n<p>CAS PARTICULIER : Si vous ouvrez une r\u00e9clamation avec PayPal\/Stripe&nbsp;<\/p>\n<p><\/p>\n<p>Assurez-vous de r\u00e9aliser une vid\u00e9o du produit d\u00e9fectueux pour que votre r\u00e9clamation soit approuv\u00e9e.&nbsp;<\/p>\n<p>Seul Paypal\/Stripe se charge de prendre la d\u00e9cision, notre \u00e9quipe email\/t\u00e9l\u00e9phone ne pourra pas interf\u00e9rer, acc\u00e9l\u00e9rer le processus ni m\u00eame appuyer vos arguments.&nbsp;<\/p>\n<p>RAPPEL\u00a0: Tout article retourn\u00e9 \u00e0 une mauvaise adresse ou sans e-mail de pr\u00e9-approbation (e-mail de pr\u00e9-approbation \u00e0 obtenir dans les 7 jours suivant la livraison) est exempt\u00e9 de retour.&nbsp;<\/p>\n<p><\/p>\n<p>\u2013 Pour finaliser votre retour, nous avons besoin d\u2019un re\u00e7u ou d\u2019une preuve de retour (num\u00e9ro de suivi). Vous devriez envisager d\u2019utiliser un service d\u2019exp\u00e9dition tra\u00e7able ou de souscrire une assurance d\u2019exp\u00e9dition. Nous ne garantissons pas que nous recevrons votre article retourn\u00e9.&nbsp;<\/p>\n<p>\u2013 Vous serez responsable de payer vos propres frais d\u2019exp\u00e9dition pour le retour de votre article. Les frais d&#039;exp\u00e9dition ne sont pas remboursables.&nbsp;<\/p>\n<p><\/p>\n<p>\u2013 Une fois votre retour re\u00e7u et inspect\u00e9, nous vous informerons \u00e9galement si votre remboursement est approuv\u00e9 ou rejet\u00e9. S&#039;il est approuv\u00e9, un remboursement sera automatiquement appliqu\u00e9 au mode de paiement d&#039;origine.&nbsp;<\/p>\n<p><\/p>\n<p>\u2013 Si vous n\u2019avez pas encore re\u00e7u de remboursement, v\u00e9rifiez d\u2019abord votre compte bancaire. Contactez ensuite la soci\u00e9t\u00e9 \u00e9mettrice de votre carte de cr\u00e9dit, cela peut prendre un certain temps avant que votre remboursement soit officiellement effectu\u00e9. Contactez ensuite votre banque. Il y a souvent un certain temps de traitement avant qu&#039;un remboursement ne soit effectu\u00e9. Si vous avez fait tout cela et que vous n&#039;avez toujours pas re\u00e7u votre remboursement, veuillez nous contacter.&nbsp;<\/p>\n<p><br><\/p>\n<p><\/p>\n<p><b>SATISFACTION GARANTIE&nbsp;<\/b><\/p>\n<p><\/p>\n<p>V\u00f4tre satisfaction est n\u00f4tre priorit\u00e9 absolue !&nbsp;<\/p>\n<p><\/p>\n<p>Si vous n&#039;\u00eates pas satisfait de la commande, veuillez nous contacter par e-mail ou par t\u00e9l\u00e9phone et nous y rem\u00e9dierons.<\/p>\n<p><\/p>\n<p>IMPORTANT : Veuillez vous assurer de saisir votre adresse compl\u00e8te lors du paiement. S&#039;il y a un probl\u00e8me de livraison d\u00fb \u00e0 une adresse incompl\u00e8te, des informations manquantes, etc., vous en serez responsable et nous ne pourrons ni rembourser ni retourner les produits.&nbsp;<\/p>\n<p><\/p>\n<p>Veuillez nous contacter pour plus d&#039;aide ou des questions \u00e0 support@heavania.com<\/p>\t\t\t\t\t\t\t\t<\/div>\n\t\t\t\t<\/div>\n\t\t\t\t\t<\/div>\n\t\t<\/div>\n\t\t\t\t\t<\/div>\n\t\t<\/section>\n\t\t\t\t<\/div>","protected":false},"excerpt":{"rendered":"<p>Refund Policy We want our customers to have the best online shopping experience ever. Our dedicated product team is always looking for the best items to ensure the best quality before shipping.&nbsp; If you are not satisfied with the item you receive, we can provide an exchange or refund, depending on the reasons. Please feel [&hellip;]<\/p>\n","protected":false},"author":1,"featured_media":0,"parent":0,"menu_order":0,"comment_status":"closed","ping_status":"closed","template":"","meta":{"inline_featured_image":false,"footnotes":""},"class_list":["post-665","page","type-page","status-publish","hentry"],"_links":{"self":[{"href":"https:\/\/heavania-store.com\/fr\/wp-json\/wp\/v2\/pages\/665","targetHints":{"allow":["GET"]}}],"collection":[{"href":"https:\/\/heavania-store.com\/fr\/wp-json\/wp\/v2\/pages"}],"about":[{"href":"https:\/\/heavania-store.com\/fr\/wp-json\/wp\/v2\/types\/page"}],"author":[{"embeddable":true,"href":"https:\/\/heavania-store.com\/fr\/wp-json\/wp\/v2\/users\/1"}],"replies":[{"embeddable":true,"href":"https:\/\/heavania-store.com\/fr\/wp-json\/wp\/v2\/comments?post=665"}],"version-history":[{"count":0,"href":"https:\/\/heavania-store.com\/fr\/wp-json\/wp\/v2\/pages\/665\/revisions"}],"wp:attachment":[{"href":"https:\/\/heavania-store.com\/fr\/wp-json\/wp\/v2\/media?parent=665"}],"curies":[{"name":"wp","href":"https:\/\/api.w.org\/{rel}","templated":true}]}}