{"id":6185,"date":"2023-12-31T14:16:18","date_gmt":"2023-12-31T13:16:18","guid":{"rendered":"https:\/\/heavania.com\/?page_id=6185"},"modified":"2024-01-12T20:19:04","modified_gmt":"2024-01-12T19:19:04","slug":"faq","status":"publish","type":"page","link":"https:\/\/heavania-store.com\/fr\/faq\/","title":{"rendered":"FAQ"},"content":{"rendered":"<div data-elementor-type=\"wp-page\" data-elementor-id=\"6185\" class=\"elementor elementor-6185\">\n\t\t\t\t<div class=\"elementor-element elementor-element-fb3ed3a e-flex e-con-boxed e-con e-parent\" data-id=\"fb3ed3a\" data-element_type=\"container\" data-e-type=\"container\">\n\t\t\t\t\t<div class=\"e-con-inner\">\n\t\t\t\t<div class=\"elementor-element elementor-element-ff0613c elementor-widget elementor-widget-heading\" data-id=\"ff0613c\" data-element_type=\"widget\" data-e-type=\"widget\" data-widget_type=\"heading.default\">\n\t\t\t\t<div class=\"elementor-widget-container\">\n\t\t\t\t\t<h2 class=\"elementor-heading-title elementor-size-default\">FAQ<\/h2>\t\t\t\t<\/div>\n\t\t\t\t<\/div>\n\t\t\t\t<div class=\"elementor-element elementor-element-3b11b99 elementor-widget elementor-widget-html\" data-id=\"3b11b99\" data-element_type=\"widget\" data-e-type=\"widget\" data-widget_type=\"html.default\">\n\t\t\t\t<div class=\"elementor-widget-container\">\n\t\t\t\t\t<p><strong>Q : Combien de temps faudra-t-il pour que ma commande arrive ?<\/strong><\/p>\n<p><strong>UN:<\/strong><span>&nbsp;<\/span>Les d\u00e9lais de livraison peuvent varier en fonction de votre lieu de r\u00e9sidence et de ce que vous avez command\u00e9. Veuillez consulter l&#039;onglet \u00ab\u00a0Politique d&#039;exp\u00e9dition\u00a0\u00bb au bas de la page d&#039;accueil pour plus d&#039;informations.<\/p>\n<p><strong>Q\u00a0:\u00a0Quelle est votre politique d&#039;annulation\u00a0?<\/strong><\/p>\n<p><span>R : Chez Heavania, nous sommes fiers d&#039;\u00eatre soucieux de l&#039;environnement en <strong>cr\u00e9er des peluches sur commande<\/strong>. M\u00eame si cela peut ajouter un l\u00e9ger retard dans le temps de traitement de votre commande, cela garantit que nous produisons uniquement ce qui est r\u00e9ellement n\u00e9cessaire. Rassurez-vous, d\u00e8s r\u00e9ception de votre commande, nous commen\u00e7ons imm\u00e9diatement \u00e0 y travailler. Pour ces raisons, nous n&#039;acceptons pas les annulations une fois la commande pass\u00e9e apr\u00e8s 48h.&nbsp;<\/span><\/p>\n<p><strong>Q : Combien de temps faudra-t-il pour traiter ma commande ?<\/strong><\/p>\n<p><strong>UN:<\/strong><span>&nbsp;<\/span>Le temps de traitement varie d\u2019un produit \u00e0 l\u2019autre. Le d\u00e9lai est g\u00e9n\u00e9ralement de 1 \u00e0 5 jours pour les produits personnalis\u00e9s et g\u00e9n\u00e9ralement moins pour les gadgets de piratage de vie.&nbsp;<\/p>\n<p><strong>Q. Vais-je recevoir un num\u00e9ro de confirmation lorsque je passe ma commande ?<\/strong><br><br><span><strong>UN.<\/strong>&nbsp;Oui, tous les clients recevront un num\u00e9ro de commande apr\u00e8s avoir pass\u00e9 leur commande.&nbsp;<\/span><span>Veuillez nous contacter si vous n&#039;en recevez pas dans les 24 heures.<\/span><\/p>\n<p><strong>Q\u00a0: J&#039;ai command\u00e9 plusieurs articles, seront-ils exp\u00e9di\u00e9s ensemble\u00a0?<\/strong><\/p>\n<p><strong>UN:<\/strong><span>&nbsp;<\/span>Pas n\u00e9cessairement. En fonction de ce que vous avez command\u00e9, les articles devront peut-\u00eatre \u00eatre exp\u00e9di\u00e9s s\u00e9par\u00e9ment et auront donc des num\u00e9ros de suivi distincts pour chaque article.<\/p>\n<p><strong>Q. Dans quelle devise serai-je factur\u00e9\u00a0?<\/strong><br><br><span><strong>UN.<\/strong>&nbsp;Nous traitons toutes les commandes en euros. Bien que le contenu du panier soit affich\u00e9 dans plusieurs devises, vous r\u00e9glerez en utilisant l&#039;euro au taux de change le plus actuel.<\/span><\/p>\n<p><strong>Q\u00a0: Mes informations de suivi n&#039;ont pas \u00e9t\u00e9 mises \u00e0 jour, pourquoi\u00a0?<\/strong><\/p>\n<p><strong>UN:<\/strong><span>&nbsp;<\/span>Votre colis est \u00ab num\u00e9ris\u00e9 \u00bb lorsqu&#039;il atteint chaque nouveau point de contr\u00f4le ou centre de distribution pour traitement. Le trajet entre ces diff\u00e9rents points de contr\u00f4le peut prendre du temps. Veuillez donc pr\u00e9voir le temps n\u00e9cessaire \u00e0 la mise \u00e0 jour de ces informations. Si vous avez des questions concernant le suivi de votre commande, veuillez nous contacter \u00e0<span>&nbsp;support@heavania.com<\/span><\/p>\n<p><strong>Q\u00a0: J&#039;ai command\u00e9 la mauvaise couleur\/taille, puis-je modifier ma commande\u00a0?<\/strong><\/p>\n<p><strong>UN:&nbsp;<\/strong>Bien s\u00fbr! Il suffit de nous contacter au<span>&nbsp;support@heavania.com<\/span>&nbsp;dans les 24 heures suivant votre achat et nous pourrons modifier votre commande.<\/p>\n\n<p><strong>Q. Qui puis-je contacter si j&#039;ai un probl\u00e8me avec ma commande ?<\/strong><br><br><span><strong>UN.<\/strong>&nbsp;Toutes les demandes peuvent \u00eatre transmises \u00e0 support@heavania.com<\/span><\/p>\n<p><strong>Q. Comment puis-je payer\u00a0?<\/strong><br><br><span><strong>UN.<\/strong>&nbsp;Nous offrons&nbsp;<strong>s\u00fbr et s\u00e9curis\u00e9<\/strong>&nbsp;options de paiement via cartes de cr\u00e9dit\/d\u00e9bit (VISA et Mastercard) et PayPal.&nbsp;<br>Vous pourrez ainsi choisir celui qui vous convient le mieux. Tous les produits sont r\u00e9pertori\u00e9s en euros, notre syst\u00e8me \u00e9changera automatiquement votre devise pour vous faciliter la t\u00e2che lors de la commande.<\/span><\/p>\n<p><strong>Q. Le paiement sur ce site est-il s\u00fbr et s\u00e9curis\u00e9\u00a0?<\/strong><br><br><span><strong>UN.<\/strong>&nbsp;Vous pouvez \u00eatre absolument s\u00fbr que tous les achats ici sont s\u00fbrs et s\u00e9curis\u00e9s.<\/span><br><br><strong>Q. Si j&#039;entre mon adresse e-mail, vendrez-vous mes informations\u00a0?<\/strong><br><br><span><strong>UN.<\/strong>&nbsp;Nous ne vendons pas les informations de nos clients. Les e-mails sont strictement destin\u00e9s au suivi et \u00e0 l&#039;envoi de newsletters de nos promotions et de coupons de r\u00e9duction.<\/span><\/p>\n<p><strong>Q. Comment puis-je apporter des modifications \u00e0 ma commande ?<\/strong><\/p>\n<p><span><strong>UN.<\/strong>&nbsp;<\/span>Il est important de nous informer si vous souhaitez que nous apportions une modification \u00e0 votre commande, si votre commande a d\u00e9j\u00e0 \u00e9t\u00e9 trait\u00e9e par notre entrep\u00f4t,&nbsp;<strong>toute modification de votre commande n&#039;est plus possible<\/strong>.<\/p>\n<p>Assurez-vous de nous envoyer un e-mail d\u00e8s que possible \u00e0 support@heavania.com pour toute modification que vous souhaitez apporter (comme votre adresse de livraison).<\/p>\n<p><strong>Q. Comment fonctionne le dimensionnement ?<\/strong><\/p>\n<p><strong>&nbsp;Q. Mes informations personnelles sont-elles en s\u00e9curit\u00e9\u00a0?<\/strong><\/p>\n<p><strong>UN. <\/strong>Heavania.com <\/a>adh\u00e8re aux normes les plus \u00e9lev\u00e9es de l\u2019industrie pour prot\u00e9ger vos informations personnelles.<\/p>\n<p>&nbsp;Les informations de votre carte de cr\u00e9dit et vos donn\u00e9es personnelles sont crypt\u00e9es lors de la transmission \u00e0 l&#039;aide de SSL (technologie Secure Socket Layer) et de la norme PCI niveau 1, largement utilis\u00e9e sur Internet pour le traitement des paiements.<\/p>\n<p>&nbsp;Nous ne vendons, louons ou distribuons aucune information personnelle sur nos clients.<\/p>\n  <\/div>\t\t\t\t<\/div>\n\t\t\t\t<\/div>\n\t\t\t\t\t<\/div>\n\t\t\t\t<\/div>\n\t\t\t\t<\/div>","protected":false},"excerpt":{"rendered":"<p>FAQs Q: How long will it take for my order to arrive? A:&nbsp;Shipping times can vary depending on where you live and what you have ordered. Please see the &#8220;Shipping Policy&#8221; tab at the bottom of the Home page for further information. Q: What&#8217;s your cancellation policy? A: At Heavania, we take pride in being [&hellip;]<\/p>\n","protected":false},"author":1,"featured_media":0,"parent":0,"menu_order":0,"comment_status":"closed","ping_status":"closed","template":"","meta":{"inline_featured_image":false,"footnotes":""},"class_list":["post-6185","page","type-page","status-publish","hentry"],"_links":{"self":[{"href":"https:\/\/heavania-store.com\/fr\/wp-json\/wp\/v2\/pages\/6185","targetHints":{"allow":["GET"]}}],"collection":[{"href":"https:\/\/heavania-store.com\/fr\/wp-json\/wp\/v2\/pages"}],"about":[{"href":"https:\/\/heavania-store.com\/fr\/wp-json\/wp\/v2\/types\/page"}],"author":[{"embeddable":true,"href":"https:\/\/heavania-store.com\/fr\/wp-json\/wp\/v2\/users\/1"}],"replies":[{"embeddable":true,"href":"https:\/\/heavania-store.com\/fr\/wp-json\/wp\/v2\/comments?post=6185"}],"version-history":[{"count":0,"href":"https:\/\/heavania-store.com\/fr\/wp-json\/wp\/v2\/pages\/6185\/revisions"}],"wp:attachment":[{"href":"https:\/\/heavania-store.com\/fr\/wp-json\/wp\/v2\/media?parent=6185"}],"curies":[{"name":"wp","href":"https:\/\/api.w.org\/{rel}","templated":true}]}}