{"id":3,"date":"2022-09-09T00:48:29","date_gmt":"2022-09-09T00:48:29","guid":{"rendered":"https:\/\/heavania.com\/?page_id=3"},"modified":"2022-10-17T03:56:38","modified_gmt":"2022-10-17T03:56:38","slug":"privacy-policy","status":"publish","type":"page","link":"https:\/\/heavania-store.com\/fr\/privacy-policy\/","title":{"rendered":"Politique de confidentialit\u00e9"},"content":{"rendered":"<div data-elementor-type=\"wp-page\" data-elementor-id=\"3\" class=\"elementor elementor-3\">\n\t\t\t\t\t\t<section class=\"elementor-section elementor-top-section elementor-element elementor-element-2742cbdf elementor-section-boxed elementor-section-height-default elementor-section-height-default\" data-id=\"2742cbdf\" data-element_type=\"section\" data-e-type=\"section\">\n\t\t\t\t\t\t<div class=\"elementor-container elementor-column-gap-default\">\n\t\t\t\t\t<div class=\"elementor-column elementor-col-100 elementor-top-column elementor-element elementor-element-1ae002aa\" data-id=\"1ae002aa\" data-element_type=\"column\" data-e-type=\"column\">\n\t\t\t<div class=\"elementor-widget-wrap elementor-element-populated\">\n\t\t\t\t\t\t<div class=\"elementor-element elementor-element-64311e08 elementor-widget-divider--view-line_text elementor-widget-divider--element-align-center elementor-widget elementor-widget-divider\" data-id=\"64311e08\" data-element_type=\"widget\" data-e-type=\"widget\" data-widget_type=\"divider.default\">\n\t\t\t\t<div class=\"elementor-widget-container\">\n\t\t\t\t\t\t\t<div class=\"elementor-divider\">\n\t\t\t<span class=\"elementor-divider-separator\">\n\t\t\t\t\t\t\t<span class=\"elementor-divider__text elementor-divider__element\">\n\t\t\t\tPolitique de confidentialit\u00e9\t\t\t\t<\/span>\n\t\t\t\t\t\t<\/span>\n\t\t<\/div>\n\t\t\t\t\t\t<\/div>\n\t\t\t\t<\/div>\n\t\t\t\t\t<\/div>\n\t\t<\/div>\n\t\t\t\t\t<\/div>\n\t\t<\/section>\n\t\t\t\t<section class=\"elementor-section elementor-top-section elementor-element elementor-element-7898fad2 elementor-section-boxed elementor-section-height-default elementor-section-height-default\" data-id=\"7898fad2\" data-element_type=\"section\" data-e-type=\"section\">\n\t\t\t\t\t\t<div class=\"elementor-container elementor-column-gap-default\">\n\t\t\t\t\t<div class=\"elementor-column elementor-col-100 elementor-top-column elementor-element elementor-element-7edf03e5\" data-id=\"7edf03e5\" data-element_type=\"column\" data-e-type=\"column\">\n\t\t\t<div class=\"elementor-widget-wrap elementor-element-populated\">\n\t\t\t\t\t\t<div class=\"elementor-element elementor-element-62e51a12 elementor-widget elementor-widget-text-editor\" data-id=\"62e51a12\" data-element_type=\"widget\" data-e-type=\"widget\" data-widget_type=\"text-editor.default\">\n\t\t\t\t<div class=\"elementor-widget-container\">\n\t\t\t\t\t\t\t\t\t<p>Cette politique de confidentialit\u00e9 d\u00e9crit comment vos informations personnelles sont collect\u00e9es, utilis\u00e9es et partag\u00e9es lorsque vous visitez ou effectuez un achat sur notre site Web.\u00a0<\/p>\n<p>\u00a0<\/p>\n<p><b>LES INFORMATIONS PERSONNELLES QUE NOUS COLLECTONS\u00a0<\/b><\/p>\n<p>Lorsque vous visitez le Site, nous collectons automatiquement certaines informations sur votre appareil, notamment des informations sur votre navigateur Web, votre adresse IP, votre fuseau horaire et certains des cookies install\u00e9s sur votre appareil. De plus, lorsque vous naviguez sur le Site, nous collectons des informations sur les pages Web ou les produits individuels que vous consultez, les sites Web ou les termes de recherche qui vous lient au Site, ainsi que des informations sur la mani\u00e8re dont vous interagissez avec le Site. Nous appelons ces \u00ab informations collect\u00e9es automatiquement \u00bb \u00ab informations sur l\u2019appareil \u00bb.\u00a0<\/p>\n<p>Nous collectons des informations sur les appareils \u00e0 l&#039;aide des technologies suivantes\u00a0:\u00a0<\/p>\n<p>Les \u00ab cookies \u00bb sont des fichiers de donn\u00e9es install\u00e9s sur votre appareil ou votre ordinateur. Ils incluent souvent un identifiant unique et anonyme. Pour plus d&#039;informations sur les cookies et comment les d\u00e9sactiver, visitez http:\/\/www.allaboutcookies.org.\u00a0<\/p>\n<p>Les \u00ab fichiers journaux \u00bb suivent les actions sur le site et collectent des donn\u00e9es, notamment votre adresse IP, votre type de navigateur, votre fournisseur de services Internet, les pages de r\u00e9f\u00e9rence\/de sortie et les dates\/heures des visites.\u00a0<\/p>\n<p>Les balises Web \u00bb, les \u00ab balises \u00bb et les \u00ab pixels \u00bb sont des fichiers \u00e9lectroniques utilis\u00e9s pour enregistrer des informations sur la fa\u00e7on dont vous naviguez sur le Site.\u00a0<\/p>\n<p>De plus, lorsque vous effectuez un achat ou tentez d&#039;effectuer un achat via le Site, nous collectons certaines informations, notamment votre nom, votre adresse de facturation, votre adresse de livraison et vos informations de paiement (y compris les num\u00e9ros de carte de cr\u00e9dit, votre adresse e-mail et votre num\u00e9ro de t\u00e9l\u00e9phone). ). Nous appelons ces informations \u00ab\u00a0Informations sur la commande\u00a0\u00bb.\u00a0<\/p>\n<p>Lorsque nous faisons r\u00e9f\u00e9rence aux \u00ab\u00a0Informations personnelles\u00a0\u00bb dans la pr\u00e9sente Politique de confidentialit\u00e9, nous faisons r\u00e9f\u00e9rence \u00e0 la fois aux informations sur l&#039;appareil et aux informations sur la commande.\u00a0<\/p>\n<p>Comment s\u00e9curisons-nous vos informations personnelles ?\u00a0<\/p>\n<p>Nous utilisons g\u00e9n\u00e9ralement les informations de commande que nous collectons pour ex\u00e9cuter toute commande pass\u00e9e sur le Site (y compris le traitement de vos informations de paiement, l&#039;organisation de l&#039;exp\u00e9dition et la fourniture de factures et\/ou de confirmations de commande). De plus, nous utilisons ces informations de commande pour\u00a0:\u00a0<\/p>\n<p>- communiquer avec toi\u00a0<\/p>\n<p>\u2013 examiner nos commandes pour d\u00e9tecter tout risque potentiel ou fraude<\/p>\n<p>Lorsque cela correspond aux pr\u00e9f\u00e9rences que vous avez partag\u00e9es avec nous, vous fournir des informations ou des publicit\u00e9s relatives \u00e0 nos produits ou services.\u00a0<\/p>\n<p>Nous utilisons les informations sur les appareils que nous collectons pour nous aider \u00e0 d\u00e9tecter les risques potentiels et la fraude (en particulier votre adresse IP), et plus g\u00e9n\u00e9ralement pour am\u00e9liorer et optimiser notre Site (par exemple, en g\u00e9n\u00e9rant des analyses sur la fa\u00e7on dont nos clients naviguent et interagissent avec le Site, et pour \u00e9valuer le succ\u00e8s de nos campagnes de marketing et de publicit\u00e9).\u00a0<\/p>\n<p>\u00a0<\/p>\n<p><b>PARTAGE DE VOS INFORMATIONS PERSONNELLES\u00a0<\/b><\/p>\n<p>Nous partageons vos informations personnelles avec des tiers pour nous aider \u00e0 utiliser vos informations personnelles, comme d\u00e9crit ci-dessus. Nous utilisons Google Analytics pour nous aider \u00e0 comprendre comment nos clients utilisent le Site. Pour en savoir plus sur la mani\u00e8re dont Google utilise vos informations personnelles, visitez https:\/\/www.google.com\/intl\/fr\/policies\/privacy\/. Vous pouvez \u00e9galement vous d\u00e9sinscrire de Google Analytics ici : https:\/\/tools.google.com\/dlpage\/gaoptout.\u00a0<\/p>\n<p>Enfin, nous pouvons \u00e9galement partager vos informations personnelles pour nous conformer aux lois et r\u00e9glementations applicables, pour r\u00e9pondre \u00e0 une assignation \u00e0 compara\u00eetre, \u00e0 un mandat de perquisition ou \u00e0 toute autre demande l\u00e9gale d&#039;informations que nous recevons, ou pour prot\u00e9ger nos droits de quelque mani\u00e8re que ce soit.\u00a0<\/p>\n<p>\u00a0<\/p>\n<p><b>PUBLICIT\u00c9 COMPORTEMENTALE\u00a0<\/b><\/p>\n<p>Comme d\u00e9crit ci-dessus, nous utilisons vos informations personnelles pour vous proposer des publicit\u00e9s ou des communications marketing cibl\u00e9es susceptibles de vous int\u00e9resser. Pour plus d&#039;informations sur le fonctionnement de la publicit\u00e9 cibl\u00e9e, vous pouvez visiter la page \u00e9ducative de la Network Advertising Initiative (\u00ab NAI \u00bb) \u00e0 l&#039;adresse http:\/\/www.networkadvertising.org\/understanding-online-advertising\/how-does-it-work.\u00a0<\/p>\n<p>De plus, vous pouvez vous d\u00e9sinscrire de certains de ces services en visitant le portail de d\u00e9sinscription de la Digital Advertising Alliance \u00e0 l&#039;adresse http:\/\/optout.aboutads.info\/.\u00a0<\/p>\n<p>Veuillez noter que nous ne modifions pas nos pratiques de collecte et d&#039;utilisation de donn\u00e9es sur notre site lorsque nous voyons un signal Do Not Track provenant de votre navigateur.\u00a0<\/p>\n<p>\u00a0<\/p>\n<p><b>TES DROITS\u00a0<\/b><\/p>\n<p>Si vous \u00eates un r\u00e9sident europ\u00e9en, vous avez le droit d&#039;acc\u00e9der aux informations personnelles que nous d\u00e9tenons \u00e0 votre sujet et de demander que vos informations personnelles soient corrig\u00e9es, mises \u00e0 jour ou supprim\u00e9es. Si vous souhaitez exercer ce droit, veuillez nous contacter aux coordonn\u00e9es ci-dessous.\u00a0<\/p>\n<p>De plus, si vous r\u00e9sidez dans l&#039;EEE, nous notons que nous traitons g\u00e9n\u00e9ralement vos informations afin d&#039;ex\u00e9cuter les contrats que nous pouvons avoir avec vous (par exemple, si vous passez une commande via le Site), ou pour poursuivre nos activit\u00e9s l\u00e9gitimes. int\u00e9r\u00eats ci-dessus, \u00e0 moins que la loi ne nous oblige \u00e0 obtenir votre consentement pour une op\u00e9ration de traitement particuli\u00e8re. De plus, veuillez noter que vos informations seront transf\u00e9r\u00e9es hors d\u2019Europe, notamment vers le Canada et les \u00c9tats-Unis.\u00a0<\/p>\n<p>\u00a0<\/p>\n<p><b>LA CONSERVATION DES DONN\u00c9ES\u00a0<\/b><\/p>\n<p>Lorsque vous passez une commande sur le Site, nous conservons les informations de votre commande pour nos dossiers, \u00e0 moins et jusqu&#039;\u00e0 ce que vous nous demandiez de supprimer ces informations.\u00a0<\/p>\n<p>\u00a0<\/p>\n<p><b>CHANGEMENTS\u00a0<\/b><\/p>\n<p>Cette politique de confidentialit\u00e9 peut \u00eatre modifi\u00e9e de temps \u00e0 autre pour refl\u00e9ter, par exemple, des changements dans nos pratiques ou pour d&#039;autres raisons op\u00e9rationnelles, juridiques ou r\u00e9glementaires.<\/p>\n<p>\u00a0<\/p>\n<p><b>MINEURS<\/b>\u00a0<\/p>\n<p>Le site Web n&#039;est pas destin\u00e9 aux personnes de moins de 18 ans.\u00a0<\/p>\n<p>\u00a0<\/p>\n<p><b>CONTACTEZ-NOUS<\/b><\/p>\n<p>Pour plus d&#039;informations sur nos pratiques de confidentialit\u00e9, si vous avez des questions suppl\u00e9mentaires, veuillez nous contacter par e-mail.<\/p>\t\t\t\t\t\t\t\t<\/div>\n\t\t\t\t<\/div>\n\t\t\t\t\t<\/div>\n\t\t<\/div>\n\t\t\t\t\t<\/div>\n\t\t<\/section>\n\t\t\t\t<\/div>","protected":false},"excerpt":{"rendered":"<p>Privacy Policy This Privacy Policy describes how your personal information is collected, used and shared when you visit or make a purchase from our website.\u00a0 \u00a0 THE PERSONAL INFORMATION WE COLLECT\u00a0 When you visit the Site, we automatically collect certain information about your device, including information about your web browser, your IP address, your time [&hellip;]<\/p>\n","protected":false},"author":1,"featured_media":0,"parent":0,"menu_order":0,"comment_status":"closed","ping_status":"open","template":"","meta":{"inline_featured_image":false,"footnotes":""},"class_list":["post-3","page","type-page","status-publish","hentry"],"_links":{"self":[{"href":"https:\/\/heavania-store.com\/fr\/wp-json\/wp\/v2\/pages\/3","targetHints":{"allow":["GET"]}}],"collection":[{"href":"https:\/\/heavania-store.com\/fr\/wp-json\/wp\/v2\/pages"}],"about":[{"href":"https:\/\/heavania-store.com\/fr\/wp-json\/wp\/v2\/types\/page"}],"author":[{"embeddable":true,"href":"https:\/\/heavania-store.com\/fr\/wp-json\/wp\/v2\/users\/1"}],"replies":[{"embeddable":true,"href":"https:\/\/heavania-store.com\/fr\/wp-json\/wp\/v2\/comments?post=3"}],"version-history":[{"count":0,"href":"https:\/\/heavania-store.com\/fr\/wp-json\/wp\/v2\/pages\/3\/revisions"}],"wp:attachment":[{"href":"https:\/\/heavania-store.com\/fr\/wp-json\/wp\/v2\/media?parent=3"}],"curies":[{"name":"wp","href":"https:\/\/api.w.org\/{rel}","templated":true}]}}