{"id":1713,"date":"2023-03-01T22:12:01","date_gmt":"2023-03-01T22:12:01","guid":{"rendered":"https:\/\/heavania.com\/?page_id=1713"},"modified":"2024-04-16T16:05:49","modified_gmt":"2024-04-16T14:05:49","slug":"about-us","status":"publish","type":"page","link":"https:\/\/heavania-store.com\/fr\/about-us\/","title":{"rendered":"\u00c0 propos"},"content":{"rendered":"<div data-elementor-type=\"wp-page\" data-elementor-id=\"1713\" class=\"elementor elementor-1713\">\n\t\t\t\t<div class=\"elementor-element elementor-element-e56f516 e-con-full e-flex e-con e-parent\" data-id=\"e56f516\" data-element_type=\"container\" data-e-type=\"container\" data-settings=\"{&quot;background_background&quot;:&quot;classic&quot;}\">\n\t\t<div class=\"elementor-element elementor-element-51038db e-con-full e-flex e-con e-child\" data-id=\"51038db\" data-element_type=\"container\" data-e-type=\"container\" data-settings=\"{&quot;background_background&quot;:&quot;classic&quot;}\">\n\t\t\t\t<div class=\"elementor-element elementor-element-2de7c91 elementor-widget elementor-widget-heading\" data-id=\"2de7c91\" data-element_type=\"widget\" data-e-type=\"widget\" data-widget_type=\"heading.default\">\n\t\t\t\t<div class=\"elementor-widget-container\">\n\t\t\t\t\t<h2 class=\"elementor-heading-title elementor-size-default\">BIENVENUE<\/h2>\t\t\t\t<\/div>\n\t\t\t\t<\/div>\n\t\t\t\t<\/div>\n\t\t\t\t<\/div>\n\t\t<div class=\"elementor-element elementor-element-c5b3c3e e-con-full e-flex e-con e-parent\" data-id=\"c5b3c3e\" data-element_type=\"container\" data-e-type=\"container\">\n\t\t<div class=\"elementor-element elementor-element-aab5273 e-con-full e-flex e-con e-child\" data-id=\"aab5273\" data-element_type=\"container\" data-e-type=\"container\">\n\t\t\t\t<div class=\"elementor-element elementor-element-67ccc7d elementor-widget elementor-widget-text-editor\" data-id=\"67ccc7d\" data-element_type=\"widget\" data-e-type=\"widget\" data-widget_type=\"text-editor.default\">\n\t\t\t\t<div class=\"elementor-widget-container\">\n\t\t\t\t\t\t\t\t\t<p><strong>La jeune \u00e9quipe d&#039;Heavania<\/strong> est extr\u00eamement passionn\u00e9 par votre bien-\u00eatre et votre confort int\u00e9rieur et nous sommes heureux de faire de notre mieux pour partager notre passion dans la seule et unique boutique en ligne bas\u00e9e sur des produits de d\u00e9coration modernes et des accessoires de maison innovants indispensables au quotidien.<\/p><p>Heavania a \u00e9t\u00e9 fond\u00e9e par et pour de v\u00e9ritables passionn\u00e9s d&#039;ing\u00e9nierie dans le but d&#039;imaginer des produits capables de r\u00e9volutionner votre vie. Gadgets innovants, accessoires et \u00e9clairage sp\u00e9cial.<\/p><p>Pour votre <strong>bien-\u00eatre<\/strong>.<\/p>\t\t\t\t\t\t\t\t<\/div>\n\t\t\t\t<\/div>\n\t\t\t\t<\/div>\n\t\t<div class=\"elementor-element elementor-element-3968c46 e-con-full e-flex e-con e-child\" data-id=\"3968c46\" data-element_type=\"container\" data-e-type=\"container\">\n\t\t\t\t<div class=\"elementor-element elementor-element-5f489a7 elementor-widget elementor-widget-image\" data-id=\"5f489a7\" data-element_type=\"widget\" data-e-type=\"widget\" data-widget_type=\"image.default\">\n\t\t\t\t<div class=\"elementor-widget-container\">\n\t\t\t\t\t\t\t\t\t\t\t\t\t\t\t<img loading=\"lazy\" decoding=\"async\" width=\"768\" height=\"512\" src=\"https:\/\/heavania-store.com\/wp-content\/uploads\/pexels-cottonbro-studio-3944396-scaled-768x512.jpg\" class=\"attachment-medium_large size-medium_large wp-image-12879\" alt=\"\" srcset=\"https:\/\/heavania-store.com\/wp-content\/uploads\/pexels-cottonbro-studio-3944396-scaled-768x512.jpg 768w, https:\/\/heavania-store.com\/wp-content\/uploads\/pexels-cottonbro-studio-3944396-scaled-500x333.jpg 500w, https:\/\/heavania-store.com\/wp-content\/uploads\/pexels-cottonbro-studio-3944396-scaled-300x200.jpg 300w, https:\/\/heavania-store.com\/wp-content\/uploads\/pexels-cottonbro-studio-3944396-scaled-1024x683.jpg 1024w, https:\/\/heavania-store.com\/wp-content\/uploads\/pexels-cottonbro-studio-3944396-scaled-1536x1024.jpg 1536w, https:\/\/heavania-store.com\/wp-content\/uploads\/pexels-cottonbro-studio-3944396-scaled-18x12.jpg 18w, https:\/\/heavania-store.com\/wp-content\/uploads\/pexels-cottonbro-studio-3944396-scaled.jpg 1920w\" sizes=\"auto, (max-width: 768px) 100vw, 768px\" \/>\t\t\t\t\t\t\t\t\t\t\t\t\t\t\t<\/div>\n\t\t\t\t<\/div>\n\t\t\t\t<\/div>\n\t\t\t\t<div class=\"elementor-element elementor-element-59c7262 elementor-widget__width-inherit elementor-widget elementor-widget-html\" data-id=\"59c7262\" data-element_type=\"widget\" data-e-type=\"widget\" data-widget_type=\"html.default\">\n\t\t\t\t<div class=\"elementor-widget-container\">\n\t\t\t\t\t<div style=\"display:flex;padding:10px 10px 7px;color: #a6aaaf;font-weight:700;    font-size: 14px;\">\n    \n<svg width=\"18px\" height=\"18px\" viewbox=\"0 0 24 24\" style=\"transform:translateY(1px);margin-right:5px\">\n\n\n <path fill-rule=\"evenodd\" clip-rule=\"evenodd\" d=\"M13.803 5.33333C13.803 3.49238 15.3022 2 17.1515 2C19.0008 2 20.5 3.49238 20.5 5.33333C20.5 7.17428 19.0008 8.66667 17.1515 8.66667C16.2177 8.66667 15.3738 8.28596 14.7671 7.67347L10.1317 10.8295C10.1745 11.0425 10.197 11.2625 10.197 11.4872C10.197 11.9322 10.109 12.3576 9.94959 12.7464L15.0323 16.0858C15.6092 15.6161 16.3473 15.3333 17.1515 15.3333C19.0008 15.3333 20.5 16.8257 20.5 18.6667C20.5 20.5076 19.0008 22 17.1515 22C15.3022 22 13.803 20.5076 13.803 18.6667C13.803 18.1845 13.9062 17.7255 14.0917 17.3111L9.05007 13.9987C8.46196 14.5098 7.6916 14.8205 6.84848 14.8205C4.99917 14.8205 3.5 13.3281 3.5 11.4872C3.5 9.64623 4.99917 8.15385 6.84848 8.15385C7.9119 8.15385 8.85853 8.64725 9.47145 9.41518L13.9639 6.35642C13.8594 6.03359 13.803 5.6896 13.803 5.33333Z\" fill=\"#a6aaaf\"\/> <\/g>\n\n<\/svg> \n    \n     Partager\n    <ul style=\"list-style:none;display:flex;margin-left:-20px;\">\n        <li style=\"width:20px;height:20px;border:1px solid #a6aaaf;padding:3px;border-radius:20px;margin-right:5px\"><a href=\"https:\/\/www.facebook.com\/sharer\/sharer.php?u=https:\/\/heavania-store.com\/\" ><svg  x=\"0px\" y=\"0px\"\n\t viewbox=\"0 0 310 310\" style=\"transform:translateY(-2px)\" fill=\"#a6aaaf\" >\n\t<path d=\"M81.703,165.106h33.981V305c0,2.762,2.238,5,5,5h57.616c2.762,0,5-2.238,5-5V165.765h39.064\t\tc2.54,0,4.677-1.906,4.967-4.429l5.933-51.502c0.163-1.417-0.286-2.836-1.234-3.899c-0.949-1.064-2.307-1.673-3.732-1.673h-44.996\t\tV71.978c0-9.732,5.24-14.667,15.576-14.667c1.473,0,29.42,0,29.42,0c2.762,0,5-2.239,5-5V5.037c0-2.762-2.238-5-5-5h-40.545\t\tC187.467,0.023,186.832,0,185.896,0c-7.035,0-31.488,1.381-50.804,19.151c-21.402,19.692-18.427,43.27-17.716,47.358v37.752H81.703\t\tc-2.762,0-5,2.238-5,5v50.844C76.703,162.867,78.941,165.106,81.703,165.106z\"\/><\/a><\/li>\n        \n        <li style=\"width:20px;height:20px;border:1px solid #a6aaaf;padding:3px;border-radius:20px;margin-right:5px\"><a href=\"https:\/\/www.facebook.com\/sharer\/sharer.php?u=https:\/\/heavania-store.com\/\" ><a href=\"https:\/\/pinterest.com\/pin\/create\/button\/?url=https:\/\/heavania-store.com\/&media=&description=\" ><svg viewbox=\"0 0 24 24\" style=\"transform:translateY(-3px)\" fill=\"#a6aaaf\"  ><path d=\"M19.589 6.686a4.793 4.793 0 0 1-3.77-4.245V2h-3.445v13.672a2.896 2.896 0 0 1-5.201 1.743l-.002-.001.002.001a2.895 2.895 0 0 1 3.183-4.51v-3.5a6.329 6.329 0 0 0-5.394 10.692 6.33 6.33 0 0 0 10.857-4.424V8.687a8.182 8.182 0 0 0 4.773 1.526V6.79a4.831 4.831 0 0 1-1.003-.104z\"\/><\/svg>\n<\/a><\/li>\n\n<li style=\"width:20px;height:20px;border:1px solid #a6aaaf;padding:3px;border-radius:20px;margin-right:5px\"><a href=\"https:\/\/www.facebook.com\/sharer\/sharer.php?u=https:\/\/heavania-store.com\/\" ><a href=\"mailto:info@example.com?&subject=&cc=&bcc=&body=https:\/\/heavania-store.com\/%0A\"><svg  style=\"transform:translateY(-3px)\" fill=\"#a6aaaf\"  stroke=\"#a6aaaf\" stroke-width=\"1\" stroke-linecap=\"round\" viewbox=\"0 0 24 24\">\n<path d=\"M7.46494 1.066C8.63828 1.01222 9.01228 1 12 1C14.9883 1 15.3617 1.01283 16.5344 1.066C17.7059 1.11917 18.5059 1.30556 19.2056 1.5775C19.9395 1.85381 20.6043 2.28674 21.1538 2.84617C21.7133 3.3956 22.1463 4.06046 22.4225 4.79439C22.6944 5.49411 22.8802 6.29406 22.934 7.46494C22.9878 8.63828 23 9.01228 23 12C23 14.9877 22.9872 15.3617 22.934 16.5351C22.8808 17.7059 22.6944 18.5059 22.4225 19.2056C22.1414 19.9286 21.7649 20.5427 21.1538 21.1538C20.6044 21.7133 19.9395 22.1463 19.2056 22.4225C18.5059 22.6944 17.7059 22.8802 16.5351 22.934C15.3617 22.9878 14.9877 23 12 23C9.01228 23 8.63828 22.9872 7.46494 22.934C6.29406 22.8808 5.49411 22.6944 4.79439 22.4225C4.07144 22.1414 3.45728 21.7649 2.84617 21.1538C2.28664 20.6044 1.85368 19.9395 1.5775 19.2056C1.30556 18.5059 1.11978 17.7059 1.066 16.5351C1.01222 15.3617 1 14.9883 1 12C1 9.01167 1.01283 8.63828 1.066 7.46556C1.11917 6.29406 1.30556 5.49411 1.5775 4.79439C1.85381 4.06051 2.28674 3.39568 2.84617 2.84617C3.39559 2.28664 4.06045 1.85368 4.79439 1.5775C5.49411 1.30556 6.29406 1.11978 7.46494 1.066ZM16.4452 3.046C15.2853 2.99344 14.937 2.98183 12 2.98183C9.063 2.98183 8.71467 2.99344 7.55478 3.046C6.48228 3.09489 5.89989 3.27394 5.51244 3.42489C4.99911 3.62411 4.63244 3.86244 4.24744 4.24744C3.86306 4.63244 3.62411 4.99911 3.42489 5.51244C3.27394 5.89989 3.09489 6.48228 3.046 7.55478C2.99344 8.71467 2.98183 9.063 2.98183 12C2.98183 14.937 2.99344 15.2853 3.046 16.4452C3.09489 17.5177 3.27394 18.1001 3.42489 18.4876C3.60111 18.9654 3.88219 19.3976 4.24744 19.7526C4.60234 20.1178 5.03461 20.3989 5.51244 20.5751C5.89989 20.7261 6.48228 20.9051 7.55478 20.954C8.71467 21.0066 9.06239 21.0182 12 21.0182C14.9376 21.0182 15.2853 21.0066 16.4452 20.954C17.5177 20.9051 18.1001 20.7261 18.4876 20.5751C19.0009 20.3759 19.3676 20.1376 19.7526 19.7526C20.1178 19.3977 20.3989 18.9654 20.5751 18.4876C20.7261 18.1001 20.9051 17.5177 20.954 16.4452C21.0066 15.2853 21.0182 14.937 21.0182 12C21.0182 9.063 21.0066 8.71467 20.954 7.55478C20.9051 6.48228 20.7261 5.89989 20.5751 5.51244C20.3759 4.99911 20.1376 4.63244 19.7526 4.24744C19.3676 3.86306 19.0009 3.62411 18.4876 3.42489C18.1001 3.27394 17.5177 3.09489 16.4452 3.046ZM10.5955 15.3909C11.0408 15.5754 11.518 15.6703 12 15.6703C12.9735 15.6703 13.907 15.2836 14.5953 14.5953C15.2837 13.907 15.6704 12.9734 15.6704 12C15.6704 11.0266 15.2837 10.093 14.5953 9.40468C13.907 8.71636 12.9735 8.32966 12 8.32966C11.518 8.32966 11.0408 8.4246 10.5955 8.60905C10.1501 8.7935 9.74553 9.06385 9.40471 9.40468C9.06389 9.7455 8.79353 10.1501 8.60908 10.5954C8.42463 11.0407 8.3297 11.518 8.3297 12C8.3297 12.482 8.42463 12.9593 8.60908 13.4046C8.79353 13.8499 9.06389 14.2545 9.40471 14.5953C9.74553 14.9361 10.1501 15.2065 10.5955 15.3909ZM8.00205 8.00201C9.06238 6.94168 10.5005 6.34599 12 6.34599C13.4996 6.34599 14.9377 6.94168 15.998 8.00201C17.0583 9.06234 17.654 10.5005 17.654 12C17.654 13.4995 17.0583 14.9376 15.998 15.998C14.9377 17.0583 13.4996 17.654 12 17.654C10.5005 17.654 9.06238 17.0583 8.00205 15.998C6.94172 14.9376 6.34603 13.4995 6.34603 12C6.34603 10.5005 6.94172 9.06234 8.00205 8.00201ZM18.9077 7.18838C19.1583 6.93773 19.2991 6.59779 19.2991 6.24333C19.2991 5.88886 19.1583 5.54892 18.9077 5.29828C18.657 5.04764 18.3171 4.90683 17.9626 4.90683C17.6082 4.90683 17.2682 5.04764 17.0176 5.29828C16.7669 5.54892 16.6261 5.88886 16.6261 6.24333C16.6261 6.59779 16.7669 6.93773 17.0176 7.18838C17.2682 7.43902 17.6082 7.57983 17.9626 7.57983C18.3171 7.57983 18.657 7.43902 18.9077 7.18838Z\" \/><\/a><\/li>\n\n<li style=\"width:20px;height:20px;border:1px solid #a6aaaf;padding:3px;border-radius:20px;margin-right:5px\"><a href=\"https:\/\/www.facebook.com\/sharer\/sharer.php?u=https:\/\/heavania-store.com\/\" ><a href=\"https:\/\/twitter.com\/intent\/tweet?text=https%3A\/\/heavania.com\/\"><svg  style=\"transform:translateY(-2px)\" fill=\"#a6aaaf\"  x=\"0px\" y=\"0px\" stroke=\"#a6aaaf\" stroke-width=\"9\" stroke-linecap=\"round\"\n\t viewbox=\"0 0 512 512\">\n<g>\n\t<g>\n\t\t<path d=\"M507.413,93.394c-3.709-2.51-8.607-2.383-12.174,0.327c-3.612,2.735-9.474,5.087-16.138,7.016\t\t\tc18.245-21.301,18.623-35.541,18.408-38.893c-0.245-3.801-2.541-7.168-5.985-8.791c-3.459-1.612-7.51-1.23-10.587,1.005\t\t\tc-21.893,15.908-43.689,19.373-56.791,19.76c-20.337-19.342-46.704-29.944-74.74-29.944c-60.271,0-109.307,49.684-109.307,110.751\t\t\tc0,4.944,0.327,9.878,0.969,14.771C138.176,167.645,54.665,69.155,53.803,68.119c-2.184-2.617-5.5-4.041-8.929-3.714\t\t\tc-3.398,0.296-6.444,2.235-8.148,5.189c-29.005,50.322-11.286,94.725,6.505,121.327c-1.837-1.092-3.342-2.097-4.372-2.857\t\t\tc-3.143-2.337-7.337-2.725-10.852-0.995c-3.521,1.735-5.771,5.286-5.837,9.209c-0.786,48.255,21.764,76.49,43.674,92.49\t\t\tc-2.372,0.327-4.597,1.459-6.266,3.276c-2.51,2.724-3.393,6.576-2.311,10.122c15.194,49.735,52.041,67.352,76.373,73.587\t\t\tc-49.22,37.138-120.557,25.016-121.348,24.867c-4.73-0.831-9.464,1.663-11.408,6.082c-1.939,4.413-0.612,9.587,3.225,12.51\t\t\tc52.464,40.041,115.21,48.913,160.53,48.913c34.272,0,58.573-5.077,60.91-5.582c228.617-54.179,235.864-263.063,235.394-298.66\t\t\tc42.888-39.929,49.633-55.255,50.684-59.067C512.811,100.502,511.117,95.91,507.413,93.394z M443.283,151.752\t\t\tc-2.33,2.143-3.56,5.235-3.346,8.398c0.036,0.561,3.536,57.179-21.694,120.266c-33.709,84.291-100.164,138.725-197.307,161.746\t\t\tc-1.041,0.219-90.905,18.831-169.792-18.689c33.725-1.414,80.429-10.913,113.292-47.806c2.745-3.077,3.398-7.833,1.709-11.593\t\t\tc-1.689-3.75-5.439-6.51-9.551-6.51c-0.02,0-0.041,0-0.071,0c-2.76,0-50.337-0.357-73.133-46.306\t\t\tc9.219,0.398,20.24-0.145,29.122-4.237c4.092-1.888,6.51-6.1,6.005-10.574c-0.505-4.475-3.821-8.079-8.23-9.008\t\t\tc-2.556-0.541-57.649-12.836-66.143-72.693c8.464,3.526,19.015,6.257,29.51,4.685c4.031-0.602,7.332-3.5,8.474-7.413\t\t\tc1.138-3.908-0.107-8.13-3.184-10.809c-2.383-2.07-54.327-48.273-30.541-107.973c28.158,29.332,108.46,102.368,205.833,96.786\t\t\tc3.107-0.179,5.975-1.74,7.82-4.25c1.843-2.51,2.471-5.709,1.71-8.728c-1.837-7.316-2.77-14.857-2.77-22.418\t\t\tc0-49.546,39.658-89.853,88.409-89.853c23.842,0,46.203,9.515,62.97,26.796c1.923,1.985,4.556,3.122,7.322,3.174\t\t\tc9.658,0.092,25.561-0.949,43.531-7.633c-5.359,6.275-12.852,13.622-23.332,21.852c-3.622,2.847-4.954,7.735-3.276,12.026\t\t\tc1.684,4.301,6.056,7.02,10.566,6.607c2.112-0.168,12.352-1.071,24.352-3.505C464.662,131.4,455.494,140.523,443.283,151.752z\"\/><\/a><\/li>\n\t\t<\/ul>\n<\/div>\t\t\t\t<\/div>\n\t\t\t\t<\/div>\n\t\t\t\t<\/div>\n\t\t\t\t<\/div>","protected":false},"excerpt":{"rendered":"<p>ABOUT US The Heavania&#8217;s young team is extremely enthusiastic about your wellbeing and interior comfort, and we&#8217;re happy to do our best to share our passion in the one and only online store based on modern decorating products and innovative home accessories that are indispensable to everyday life. Heavania was founded by and for true [&hellip;]<\/p>\n","protected":false},"author":1,"featured_media":0,"parent":0,"menu_order":0,"comment_status":"closed","ping_status":"closed","template":"","meta":{"inline_featured_image":false,"footnotes":""},"class_list":["post-1713","page","type-page","status-publish","hentry"],"_links":{"self":[{"href":"https:\/\/heavania-store.com\/fr\/wp-json\/wp\/v2\/pages\/1713","targetHints":{"allow":["GET"]}}],"collection":[{"href":"https:\/\/heavania-store.com\/fr\/wp-json\/wp\/v2\/pages"}],"about":[{"href":"https:\/\/heavania-store.com\/fr\/wp-json\/wp\/v2\/types\/page"}],"author":[{"embeddable":true,"href":"https:\/\/heavania-store.com\/fr\/wp-json\/wp\/v2\/users\/1"}],"replies":[{"embeddable":true,"href":"https:\/\/heavania-store.com\/fr\/wp-json\/wp\/v2\/comments?post=1713"}],"version-history":[{"count":0,"href":"https:\/\/heavania-store.com\/fr\/wp-json\/wp\/v2\/pages\/1713\/revisions"}],"wp:attachment":[{"href":"https:\/\/heavania-store.com\/fr\/wp-json\/wp\/v2\/media?parent=1713"}],"curies":[{"name":"wp","href":"https:\/\/api.w.org\/{rel}","templated":true}]}}